{"id":7787,"date":"2023-09-29T10:51:53","date_gmt":"2023-09-29T10:51:53","guid":{"rendered":"https:\/\/staging.cererols.com\/?page_id=7787"},"modified":"2024-03-06T11:30:42","modified_gmt":"2024-03-06T11:30:42","slug":"aviso-legal","status":"publish","type":"page","link":"https:\/\/cererols.com\/ca\/aviso-legal\/","title":{"rendered":"Pol\u00edtica de Cookies"},"content":{"rendered":"<div data-elementor-type=\"wp-page\" data-elementor-id=\"7787\" class=\"elementor elementor-7787\">\n\t\t\t\t\t\t<section class=\"elementor-section elementor-top-section elementor-element elementor-element-f14ca93 elementor-section-boxed elementor-section-height-default elementor-section-height-default\" data-id=\"f14ca93\" data-element_type=\"section\">\n\t\t\t\t\t\t<div class=\"elementor-container elementor-column-gap-default\">\n\t\t\t\t\t<div class=\"elementor-column elementor-col-100 elementor-top-column elementor-element elementor-element-9ef8c74\" data-id=\"9ef8c74\" data-element_type=\"column\">\n\t\t\t<div class=\"elementor-widget-wrap elementor-element-populated\">\n\t\t\t\t\t\t<div class=\"elementor-element elementor-element-94811ce elementor-widget elementor-widget-text-editor\" data-id=\"94811ce\" data-element_type=\"widget\" data-widget_type=\"text-editor.default\">\n\t\t\t\t<div class=\"elementor-widget-container\">\n\t\t\t<style>\/*! elementor - v3.21.0 - 22-05-2024 *\/\n.elementor-widget-text-editor.elementor-drop-cap-view-stacked .elementor-drop-cap{background-color:#69727d;color:#fff}.elementor-widget-text-editor.elementor-drop-cap-view-framed .elementor-drop-cap{color:#69727d;border:3px solid;background-color:transparent}.elementor-widget-text-editor:not(.elementor-drop-cap-view-default) .elementor-drop-cap{margin-top:8px}.elementor-widget-text-editor:not(.elementor-drop-cap-view-default) .elementor-drop-cap-letter{width:1em;height:1em}.elementor-widget-text-editor .elementor-drop-cap{float:left;text-align:center;line-height:1;font-size:50px}.elementor-widget-text-editor .elementor-drop-cap-letter{display:inline-block}<\/style>\t\t\t\t<p>A Construccions Cererols, SL (d&#039;ara endavant, Cererols) utilitzem cookies amb l&#039;objectiu de prestar un millor servei i proporcionar-te una millor experi\u00e8ncia en la teva navegaci\u00f3. Volem informar-te de manera clara, transparent i concisa sobre les galetes que utilitzem, detallant a continuaci\u00f3, qu\u00e8 s\u00f3n les galetes, per a qu\u00e8 serveixen, quins tipus de galetes utilitzem, quines s\u00f3n les seves finalitats i com pots configurar-les o deshabilitar-les si aix\u00ed ho desitges.<\/p><p><strong>QU\u00c8 S\u00d3N LES COOKIES?<\/strong><\/p><p>Una galeta \u00e9s un petit arxiu o fitxer que es descarrega al vostre ordinador, dispositiu m\u00f2bil (smartphones, tauletes, etc.) o qualsevol altre dispositiu amb informaci\u00f3 sobre la navegaci\u00f3, en accedir a determinades p\u00e0gines web o aplicacions m\u00f2bils. Les galetes permeten a una p\u00e0gina web, entre altres coses, emmagatzemar i recuperar informaci\u00f3 sobre els h\u00e0bits de navegaci\u00f3 d&#039;un usuari o del seu equip i, depenent de la informaci\u00f3 que continguin i de la manera com utilitzi el seu equip, es poden utilitzar per recon\u00e8ixer a l&#039;usuari.<\/p><p>El conjunt de cookies de tots els nostres usuaris ens ajuda a millorar la qualitat de la nostra web, permetent controlar quines p\u00e0gines s\u00f3n \u00fatils, quines no i quines s\u00f3n susceptibles de millora. Les galetes s\u00f3n essencials per al funcionament d&#039;internet, aportant innombrables avantatges en la prestaci\u00f3 de serveis interactius, facilitant-te la navegaci\u00f3 i usabilitat de la nostra web. En cap cas les galetes podran danyar el teu equip o dispositiu m\u00f2bil.<\/p><p>Les cookies no us identifiquen personalment i no suposen cap risc per al vostre ordinador o dispositiu m\u00f2bil. No s\u00f3n virus ni programari espia. Simplement s\u00f3n eines utilitzades pels llocs web que visites per millorar la teva navegaci\u00f3, perqu\u00e8 les teves dades viatgin per la xarxa segures, per ajudar-nos a entendre quina informaci\u00f3 de la nostra web \u00e9s m\u00e9s \u00fatil per als nostres usuaris o per saber quines ofertes poden ser de l&#039;inter\u00e8s de cada usuari. I tot aix\u00f2 d&#039;una manera totalment an\u00f2nima: mai no sabrem el teu nom, adre\u00e7a o tel\u00e8fon, a no ser que tu ens els facilitis. Tu decideixes si permets o no la instal\u00b7laci\u00f3 de les nostres galetes.<\/p><p>A m\u00e9s, has de tenir en compte que, si decideixes no permetre l&#039;\u00fas de cookies, pot ser que algunes caracter\u00edstiques de la web no funcionin correctament i, a m\u00e9s, no podrem adaptar la informaci\u00f3 que t&#039;oferim als teus interessos. En cap cas la no acceptaci\u00f3 de les cookies pot suposar que no hi puguis accedir i utilitzar les funcions b\u00e0siques de la nostra p\u00e0gina web.<\/p><p>Tamb\u00e9 volem informar-te que, en aplicaci\u00f3 de la normativa europea i espanyola en mat\u00e8ria de privadesa i galetes, hi ha galetes que requereixen consentiment de l&#039;usuari (p. ex.: galetes d&#039;an\u00e0lisi o mesurament i galetes de publicitat comportamental), i altres que es troben exemptes de consentiment (p. ex.: galetes t\u00e8cniques o aquelles necess\u00e0ries per a la prestaci\u00f3 de serveis expressament sol\u00b7licitats per l&#039;usuari).<\/p><p><strong>QUI \u00c9S EL RESPONSABLE?<\/strong><\/p><p>Les cookies utilitzades a www.cererols.com s\u00f3n tractades per Cererols amb les finalitats i els temps de conservaci\u00f3 exposats a l&#039;apartat \u00abRelaci\u00f3 de cookies utilitzades\u00bb.<\/p><p><strong>QUINS TIPUS DE COOKIES UTILITZEM?<\/strong><\/p><p>Segons l&#039;entitat que la gestiona, les galetes poden ser:<\/p><p><strong>Cookies pr\u00f2pies:\u00a0<\/strong>S\u00f3n aquelles que s&#039;envien al teu equip des dels nostres propis equips o dominis i des del que prestem el servei que ens sol\u00b7licites.<\/p><p><strong>Cookies de tercers:\u00a0<\/strong>S\u00f3n aquelles que s&#039;envien al teu equip des d&#039;un equip o domini que no \u00e9s gestionat per nosaltres sin\u00f3 per una altra entitat col\u00b7laboradora (tercer).<\/p><p>Segons el termini de temps que romanen activades:<\/p><p><strong>Cookies de sessi\u00f3:\u00a0<\/strong>S\u00f3n galetes temporals que romanen a l&#039;arxiu de galetes del teu navegador fins que abandones la p\u00e0gina web, per la qual cosa cap queda registrada al disc dur del teu ordinador o mem\u00f2ria del dispositiu m\u00f2bil. La informaci\u00f3 obtinguda per mitj\u00e0 d&#039;aquestes galetes serveix per analitzar pautes de tr\u00e0nsit a la web. A la llarga, aix\u00f2 ens permet proporcionar una millor experi\u00e8ncia per millorar-ne el contingut i facilitar-ne l&#039;\u00fas.<\/p><p><strong>Cookies persistents:\u00a0<\/strong>S\u00f3n les cookies emmagatzemades al disc dur del teu ordinador o mem\u00f2ria del teu dispositiu m\u00f2bil, ia la informaci\u00f3 del qual podem accedir durant un temps definit segons el tipus de galeta. Les galetes persistents deixaran de funcionar una vegada arribada la seva data de caducitat, o, si abans d&#039;arribar-hi, retires el consentiment.<\/p><p>Segons la finalitat:<\/p><p><strong>Galetes t\u00e8cniques<\/strong>: S\u00f3n aquelles necess\u00e0ries per a la navegaci\u00f3 i el bon funcionament de la nostra p\u00e0gina web. Permeten, per exemple, controlar el tr\u00e0nsit i la comunicaci\u00f3 de dades, accedir a parts dacc\u00e9s restringit, utilitzar elements de seguretat, emmagatzemar continguts per poder difondre v\u00eddeos o compartir continguts a trav\u00e9s de xarxes socials.<\/p><p><strong>Galetes de prefer\u00e8ncies o personalitzaci\u00f3<\/strong>: S\u00f3n aquelles que et permeten accedir al servei amb unes caracter\u00edstiques predefinides en funci\u00f3 d&#039;una s\u00e8rie de criteris, com ara l&#039;idioma, el tipus de navegador a trav\u00e9s del qual s&#039;accedeix al servei, la configuraci\u00f3 regional des d&#039;on s&#039;accedeix al servei servei, etc.<\/p><p><strong>Galetes d&#039;an\u00e0lisi o mesura<\/strong>: S\u00f3n aquelles que, tractades per nosaltres o per tercers, ens permeten quantificar el nombre d&#039;usuaris que visiten la nostra web i aix\u00ed realitzar el mesurament i l&#039;an\u00e0lisi estad\u00edstica de la utilitzaci\u00f3 que fan els usuaris del servei ofert. Tamb\u00e9 poden servir per quantificar els impactes dels anuncis mostrats.<\/p><p><strong>Cookies de publicitat comportamental:\u00a0<\/strong>S\u00f3n totes aquelles galetes que emmagatzemen informaci\u00f3 del comportament dels usuaris obtinguda a trav\u00e9s de l&#039;observaci\u00f3 continuada dels seus h\u00e0bits de navegaci\u00f3, cosa que permet desenvolupar un perfil espec\u00edfic per mostrar publicitat en funci\u00f3 d&#039;aquest. Aquest tipus de cookies s\u00f3n les que ens permeten mostrar publicitat relacionada amb el teu perfil de navegaci\u00f3.<\/p><p><strong>RELACI\u00d3 DE COOKIES UTILITZADES<\/strong><\/p><p>A continuaci\u00f3, detallem les cookies utilitzades a la nostra web (www.cererols.com) i la finalitat d&#039;aquestes:<\/p><p><span style=\"color: #000000;\"><b>cookieyes-consent<\/b><\/span><\/p><p>De Pr\u00f2pia.<\/p><p>Finalitat: T\u00e8cnica.<\/p><p>Termini: 1 any.<\/p><p>Deure informaci\u00f3 i consentiment: Exempta.<\/p><p><strong>_Secure-3PSIDCC<\/strong><\/p><p>De Tercer.<\/p><p>Finalitat: Funcional.<\/p><p>Termini: 1 any.<\/p><p>Deure informaci\u00f3 i consentiment: Exempta.<\/p><p><strong>_Secure-3PSIDTS<\/strong><\/p><p>De Tercer.<\/p><p>Finalitat: Anal\u00edtica.<\/p><p>Termini: 1 any.<\/p><p>Deure informaci\u00f3 i consentiment: No exempta.<\/p><p><strong>_Secure-1PSIDTS<\/strong><\/p><p>De Tercer.<\/p><p>Finalitat: Anal\u00edtica.<\/p><p>Termini: 1 any.<\/p><p>Deure informaci\u00f3 i consentiment: No exempta.<\/p><p><strong>_Secure-1PSIDCC<\/strong><\/p><p>De Tercer.<\/p><p>Finalitat: Anal\u00edtica.<\/p><p>Termini: 1 any.<\/p><p>Deure informaci\u00f3 i consentiment: Exempta.<\/p><p><strong>SIDCC<\/strong><\/p><p>De Tercer.<\/p><p>Finalitat: Anal\u00edtica.<\/p><p>Termini: 1 any.<\/p><p>Deure informaci\u00f3 i consentiment: No exempta.<\/p><p><strong>_Secure-3PAPISID<\/strong><\/p><p>De Tercer.<\/p><p>Finalitat: Anal\u00edtica.<\/p><p>Termini: 1 any.<\/p><p>Deure informaci\u00f3 i consentiment: Exempta.<\/p><p><strong>SSID<\/strong><\/p><p>De Tercer.<\/p><p>Finalitat: Anal\u00edtica.<\/p><p>Termini: 1 any.<\/p><p>Deure informaci\u00f3 i consentiment: No exempta.<\/p><p><strong>_Secure-1PAPISID<\/strong><\/p><p>De Tercer.<\/p><p>Finalitat: Anal\u00edtica.<\/p><p>Termini: 1 any.<\/p><p>Deure informaci\u00f3 i consentiment: No exempta.<\/p><p><strong>HSID<\/strong><\/p><p>De Tercer.<\/p><p>Finalitat: Seguretat.<\/p><p>Termini: 1 any.<\/p><p>Deure informaci\u00f3 i consentiment: No exempta.<\/p><p><strong>_Secure-3PSID<\/strong><\/p><p>De Tercer.<\/p><p>Finalitat: Anal\u00edtica.<\/p><p>Termini: 1 any.<\/p><p>Deure informaci\u00f3 i consentiment: No exempta.<\/p><p><strong>_Secure-1PSID<\/strong><\/p><p>De Tercer.<\/p><p>Finalitat: Anal\u00edtica.<\/p><p>Termini: 1 any.<\/p><p>Deure informaci\u00f3 i consentiment: No exempta.<\/p><p><strong>SID<\/strong><\/p><p>De Tercer.<\/p><p>Finalitat: Anal\u00edtica.<\/p><p>Termini: 1 any.<\/p><p>Deure informaci\u00f3 i consentiment: No exempta.<\/p><p><strong>SAPISID<\/strong><\/p><p>De Tercer.<\/p><p>Finalitat: Anal\u00edtica.<\/p><p>Termini: 1 any.<\/p><p>Deure informaci\u00f3 i consentiment: No exempta.<\/p><p><strong>APISID<\/strong><\/p><p>De Tercer.<\/p><p>Finalitat: Anal\u00edtica.<\/p><p>Termini: 1 any.<\/p><p>Deure informaci\u00f3 i consentiment: No exempta.<\/p><p><strong>AEC<\/strong><\/p><p>De Tercer.<\/p><p>Finalitat: Seguretat.<\/p><p>Termini: 5 mesos.<\/p><p>Deure informaci\u00f3 i consentiment: No exempta.<\/p><p><strong>1P_JAR<\/strong><\/p><p>De Tercer.<\/p><p>Finalitat: Anal\u00edtica.<\/p><p>Termini: 1 mes.<\/p><p>Deure informaci\u00f3 i consentiment: No exempta.<\/p><p><strong>NID<\/strong><\/p><p>De Tercer.<\/p><p>Finalitat: T\u00e8cnica.<\/p><p>Termini: 6 mesos.<\/p><p>Deure informaci\u00f3 i consentiment: No exempta.<\/p><p><strong>OTZ<\/strong><\/p><p>De Pr\u00f2pia.<\/p><p>Finalitat: Anal\u00edtica.<\/p><p>Termini: 1 mes.<\/p><p>Deure informaci\u00f3 i consentiment: No exempta.<\/p><p><strong>SEARCH_SAMESITE<\/strong><\/p><p>De Tercer.<\/p><p>Finalitat: Anal\u00edtica.<\/p><p>Termini: 6 mesos.<\/p><p>Deure informaci\u00f3 i consentiment: No exempta.<\/p><p><strong>CONSENT<\/strong><\/p><p>De Tercer.<\/p><p>Finalitat: T\u00e8cnica.<\/p><p>Termini: 1 any.<\/p><p>Deure informaci\u00f3 i consentiment: Exempta.<\/p><p><strong>DV<\/strong><\/p><p>De Tercer.<\/p><p>Finalitat: Anal\u00edtica.<\/p><p>Termini: Sessi\u00f3.<\/p><p>Deure informaci\u00f3 i consentiment: No exempta.<\/p><p><strong>_Secure-ENID<\/strong><\/p><p>De Tercer.<\/p><p>Finalitat: Anal\u00edtica.<\/p><p>Termini: 1 any.<\/p><p>Deure informaci\u00f3 i consentiment: Exempta.<\/p><p><strong>OGPC<\/strong><\/p><p>De Tercer.<\/p><p>Finalitat: Anal\u00edtica.<\/p><p>Termini: 2 dies.<\/p><p>Deure informaci\u00f3 i consentiment: Exempta.<\/p><p><strong>RELACI\u00d3 DE COOKIES DE TERCERS<\/strong><\/p><p>A continuaci\u00f3, detallem la relaci\u00f3 de tercers prestadors de serveis de cookies a la nostra p\u00e0gina web (www.cererols.com)<\/p><p><strong>Nom prove\u00efdor<\/strong><\/p><p>Google<\/p><p><strong>M\u00e9s informaci\u00f3 sobre l&#039;\u00fas de les galetes d&#039;aquest tercer (adre\u00e7a web)<\/strong><\/p><p><a href=\"googlehttps:\/\/policies.google.com\/technologies\/cookies?\" target=\"_blank\" rel=\"noopener\">Google https:\/\/policies.google.com\/technologies\/cookies?<\/a>\u00a0hl=ca<\/p><p><strong>COM ES PODEN CONFIGURAR LES COOKIES A LA NOSTRA P\u00c0GINA WEB I REVOCAR EL CONSENTIMENT PRESTAT?<\/strong><\/p><p>Quan accedeixes a la nostra p\u00e0gina web se&#039;t mostra una finestra en la qual pots indicar si acceptes, rebutges o desitges configurar les cookies, excepte aquelles estrictament necess\u00e0ries, a trav\u00e9s del centre de prefer\u00e8ncies de privadesa o panell de configuraci\u00f3, al qual pots accedir directament des de el banner o missatge emergent principal de la web. Tamb\u00e9 podeu configurar les cookies i\/o revocar el consentiment prestat en qualsevol moment des de l&#039;enlla\u00e7 disponible a la web.<\/p><p>Si acceptes galetes de tercers i posteriorment vols eliminar-les del teu ordinador o dispositiu m\u00f2bil, pots utilitzar les eines de desactivaci\u00f3 de galetes dels diferents navegadors oa trav\u00e9s del sistema habilitat per aquests tercers per fer-ho a trav\u00e9s dels enlla\u00e7os que s&#039;indiquen a l&#039;apartat \u00ab Com eliminar i bloquejar\/deshabilitar les galetes?\u00bb.<\/p><p><strong>COM ELIMINAR I BLOQUEJAR\/DESHABILITAR LES COOKIES?<\/strong><\/p><p>Pots permetre, bloquejar o eliminar les cookies instal\u00b7lades al teu ordinador o dispositiu m\u00f2bil mitjan\u00e7ant la configuraci\u00f3 de les opcions del teu navegador d&#039;Internet. En cas que no permetis la instal\u00b7laci\u00f3 de cookies al teu navegador, \u00e9s possible que no puguis accedir a alguns dels serveis prestats, i que la teva experi\u00e8ncia a la nostra web pugui resultar menys satisfact\u00f2ria.<\/p><p>Als seg\u00fcents enlla\u00e7os tens a la teva disposici\u00f3 tota la informaci\u00f3 per configurar o deshabilitar les teves cookies segons el navegador utilitzat:<\/p><p><strong>Mozilla Firefox<\/strong>: https:\/\/support.mozilla.org\/es\/kb\/habilitar-y-deshabilitar-cookies-sitios-web-rastrear-preferencias?redirectlocale=es&amp;redirectslug=habilitar-y-deshabilitar-cookies-que-los-sitios-we\u00a0<strong>Chrome<\/strong>: https:\/\/support.google.com\/chrome\/answer\/95647?hl=ca<\/p><p><strong>Internet Explorer<\/strong>: https:\/\/support.microsoft.com\/ca-help\/17442\/windows-internet-explorer-delete-manage-cookies<\/p><p><strong>Safari<\/strong>: https:\/\/support.apple.com\/kb\/ph5042<\/p><p><strong>Opera<\/strong>: https:\/\/help.opera.com\/Windows\/11.50\/ca-ES\/cookies.html<\/p><p>Si accediu a la nostra p\u00e0gina web a trav\u00e9s d&#039;un dispositiu m\u00f2bil (smartphone, tauleta, videoconsola port\u00e0til, etc.), \u00e9s possible que les opcions de cookies es trobin ubicades als par\u00e0metres generals del dispositiu. Consulteu el manual d&#039;usuari del dispositiu per obtenir m\u00e9s informaci\u00f3.<\/p><p><strong>COM INHABILITAR GOOGLE ANALYTICS?<\/strong><\/p><p>La nostra p\u00e0gina web utilitza galetes de Google Analytics, un servei titularitat de Google Inc. Google Analyitics analitza l&#039;\u00fas que els usuaris fan d&#039;una p\u00e0gina web mitjan\u00e7ant l&#039;\u00fas de les galetes de Google. La informaci\u00f3 generada per les galetes de Google sobre l&#039;\u00fas d&#039;aquesta p\u00e0gina web pels usuaris sol ser transferida i emmagatzemada a servidors de Google ubicats als EUA.<\/p><p>Per evitar aquest tipus de galetes hi ha eines o complements d&#039;inhabilitaci\u00f3 per a navegadors de Google Analytics. Podeu trobar m\u00e9s informaci\u00f3 i accedir a aquestes eines a trav\u00e9s del seg\u00fcent enlla\u00e7: https:\/\/tools.google.com\/dlpage\/gaoptout?hl=ca<\/p><p><strong>UNA ALTRA INFORMACI\u00d3:<\/strong><\/p><p>Per a tota aquella informaci\u00f3 en mat\u00e8ria de privadesa i protecci\u00f3 de dades exigida per l&#039;article 13 del Reglament General de Protecci\u00f3 de Dades (RGPD) que no es refereixi de forma espec\u00edfica a les cookies, pots visitar la nostra Pol\u00edtica de privadesa.<\/p><p>T&#039;informem que, en cas de no estar d&#039;acord amb el tractament de dades realitzat per les galetes de la nostra web, pots presentar una reclamaci\u00f3 davant de l&#039;Ag\u00e8ncia Espanyola de Protecci\u00f3 de Dades (www.aepd.es).<\/p>\t\t\t\t\t\t<\/div>\n\t\t\t\t<\/div>\n\t\t\t\t\t<\/div>\n\t\t<\/div>\n\t\t\t\t\t<\/div>\n\t\t<\/section>\n\t\t\t\t<\/div>","protected":false},"excerpt":{"rendered":"<p>A Construccions Cererols, SL (d&#039;ara endavant, Cererols) utilitzem cookies amb l&#039;objectiu de prestar un millor servei i proporcionar-te una millor experi\u00e8ncia en la teva navegaci\u00f3. Volem informar-te de manera clara, transparent i concisa sobre les galetes que utilitzem, detallant a continuaci\u00f3, qu\u00e8 s\u00f3n les galetes, per a qu\u00e8 serveixen, quins tipus de galetes utilitzem, quins s\u00f3n [\u2026]<\/p>","protected":false},"author":1,"featured_media":0,"parent":0,"menu_order":0,"comment_status":"closed","ping_status":"closed","template":"","meta":{"inline_featured_image":false,"footnotes":""},"class_list":["post-7787","page","type-page","status-publish","hentry"],"acf":[],"_links":{"self":[{"href":"https:\/\/cererols.com\/ca\/wp-json\/wp\/v2\/pages\/7787","targetHints":{"allow":["GET"]}}],"collection":[{"href":"https:\/\/cererols.com\/ca\/wp-json\/wp\/v2\/pages"}],"about":[{"href":"https:\/\/cererols.com\/ca\/wp-json\/wp\/v2\/types\/page"}],"author":[{"embeddable":true,"href":"https:\/\/cererols.com\/ca\/wp-json\/wp\/v2\/users\/1"}],"replies":[{"embeddable":true,"href":"https:\/\/cererols.com\/ca\/wp-json\/wp\/v2\/comments?post=7787"}],"version-history":[{"count":15,"href":"https:\/\/cererols.com\/ca\/wp-json\/wp\/v2\/pages\/7787\/revisions"}],"predecessor-version":[{"id":8598,"href":"https:\/\/cererols.com\/ca\/wp-json\/wp\/v2\/pages\/7787\/revisions\/8598"}],"wp:attachment":[{"href":"https:\/\/cererols.com\/ca\/wp-json\/wp\/v2\/media?parent=7787"}],"curies":[{"name":"wp","href":"https:\/\/api.w.org\/{rel}","templated":true}]}}